{"id":168,"date":"2025-04-09T23:08:29","date_gmt":"2025-04-09T23:08:29","guid":{"rendered":"https:\/\/be-ip.mx\/?page_id=168"},"modified":"2025-04-21T23:12:29","modified_gmt":"2025-04-21T23:12:29","slug":"gerardo-bezares","status":"publish","type":"page","link":"https:\/\/be-ip.mx\/en\/gerardo-bezares\/","title":{"rendered":"Gerardo Bezares"},"content":{"rendered":"<div data-elementor-type=\"wp-page\" data-elementor-id=\"168\" class=\"elementor elementor-168\" data-elementor-post-type=\"page\">\n\t\t\t\t<div class=\"elementor-element elementor-element-69e135a e-flex e-con-boxed e-con e-parent\" data-id=\"69e135a\" data-element_type=\"container\" data-e-type=\"container\" data-settings=\"{&quot;background_background&quot;:&quot;classic&quot;}\">\n\t\t\t\t\t<div class=\"e-con-inner\">\n\t\t\t\t<div class=\"elementor-element elementor-element-a5df3eb elementor-widget elementor-widget-heading\" data-id=\"a5df3eb\" data-element_type=\"widget\" data-e-type=\"widget\" data-widget_type=\"heading.default\">\n\t\t\t\t<div class=\"elementor-widget-container\">\n\t\t\t\t\t<h2 class=\"elementor-heading-title elementor-size-default\">Our Team<\/h2>\t\t\t\t<\/div>\n\t\t\t\t<\/div>\n\t\t\t\t\t<\/div>\n\t\t\t\t<\/div>\n\t\t<div class=\"elementor-element elementor-element-1b95fad e-flex e-con-boxed e-con e-parent\" data-id=\"1b95fad\" data-element_type=\"container\" data-e-type=\"container\">\n\t\t\t\t\t<div class=\"e-con-inner\">\n\t\t<div class=\"elementor-element elementor-element-4adf63e e-con-full e-flex e-con e-child\" data-id=\"4adf63e\" data-element_type=\"container\" data-e-type=\"container\">\n\t\t\t\t<div class=\"elementor-element elementor-element-d332d86 elementor-widget elementor-widget-image\" data-id=\"d332d86\" data-element_type=\"widget\" data-e-type=\"widget\" data-widget_type=\"image.default\">\n\t\t\t\t<div class=\"elementor-widget-container\">\n\t\t\t\t\t\t\t\t\t\t\t\t\t\t\t<img fetchpriority=\"high\" decoding=\"async\" width=\"800\" height=\"1000\" src=\"https:\/\/be-ip.mx\/wp-content\/uploads\/2025\/04\/1-819x1024.webp\" class=\"attachment-large size-large wp-image-274\" alt=\"\" srcset=\"https:\/\/be-ip.mx\/wp-content\/uploads\/2025\/04\/1-819x1024.webp 819w, https:\/\/be-ip.mx\/wp-content\/uploads\/2025\/04\/1-240x300.webp 240w, https:\/\/be-ip.mx\/wp-content\/uploads\/2025\/04\/1-768x960.webp 768w, https:\/\/be-ip.mx\/wp-content\/uploads\/2025\/04\/1-10x12.webp 10w, https:\/\/be-ip.mx\/wp-content\/uploads\/2025\/04\/1.webp 1080w\" sizes=\"(max-width: 800px) 100vw, 800px\" \/>\t\t\t\t\t\t\t\t\t\t\t\t\t\t\t<\/div>\n\t\t\t\t<\/div>\n\t\t\t\t<\/div>\n\t\t<div class=\"elementor-element elementor-element-d43d590 e-con-full e-flex e-con e-child\" data-id=\"d43d590\" data-element_type=\"container\" data-e-type=\"container\">\n\t\t\t\t<div class=\"elementor-element elementor-element-119e4c3 elementor-widget elementor-widget-heading\" data-id=\"119e4c3\" data-element_type=\"widget\" data-e-type=\"widget\" data-widget_type=\"heading.default\">\n\t\t\t\t<div class=\"elementor-widget-container\">\n\t\t\t\t\t<h2 class=\"elementor-heading-title elementor-size-default\">Gerardo Bezares<\/h2>\t\t\t\t<\/div>\n\t\t\t\t<\/div>\n\t\t\t\t<div class=\"elementor-element elementor-element-358acad elementor-widget elementor-widget-heading\" data-id=\"358acad\" data-element_type=\"widget\" data-e-type=\"widget\" data-widget_type=\"heading.default\">\n\t\t\t\t<div class=\"elementor-widget-container\">\n\t\t\t\t\t<h4 class=\"elementor-heading-title elementor-size-default\">Managing Partner <\/h4>\t\t\t\t<\/div>\n\t\t\t\t<\/div>\n\t\t\t\t<div class=\"elementor-element elementor-element-633e152 elementor-widget elementor-widget-text-editor\" data-id=\"633e152\" data-element_type=\"widget\" data-e-type=\"widget\" data-widget_type=\"text-editor.default\">\n\t\t\t\t<div class=\"elementor-widget-container\">\n\t\t\t\t\t\t\t\t\t<p>Gerardo Bezares holds a Bachelor of Laws (LL.B.) from the National Autonomous University of Mexico (UNAM), with a concentration in Administrative Law and a specialization in Industrial Property Law. He has over 20 years of experience in intellectual property, advising companies, entrepreneurs, and international firms on the protection and enforcement of intangible assets.<\/p><p>He has worked with renowned law firms and served as Legal Manager of the international IP division at one of Mexico\u2019s largest television companies. His background is enriched by specialized courses from WIPO, IMPI, INDAUTOR, and other prestigious national and international institutions.<\/p><p>He is the founder and managing partner of BE-IP Bezares Intellectual Property, where he leads legal strategies for domestic and international clients. He is also a public speaker and contributor to various media outlets.<\/p><p>In addition to his IP focus, Gerardo has successfully represented clients in key immigration and energy litigation matters. He is an active member of the International Trademark Association (INTA), Business Network International (BNI), among others.<\/p>\t\t\t\t\t\t\t\t<\/div>\n\t\t\t\t<\/div>\n\t\t\t\t<\/div>\n\t\t\t\t\t<\/div>\n\t\t\t\t<\/div>\n\t\t\t\t<\/div>","protected":false},"excerpt":{"rendered":"<p>Nuestro Equipo Gerardo Bezares Socio director Gerardo Bezares es licenciado en Derecho por la Universidad Nacional Aut\u00f3noma de M\u00e9xico, con preespecialidad en Derecho Administrativo y Especialidad en Derecho de la Propiedad Industrial. Cuenta con m\u00e1s de 20 a\u00f1os de experiencia en propiedad intelectual, asesorando a empresas, emprendedores y firmas internacionales en la protecci\u00f3n y defensa [&hellip;]<\/p>","protected":false},"author":1,"featured_media":0,"parent":0,"menu_order":0,"comment_status":"closed","ping_status":"closed","template":"","meta":{"footnotes":""},"class_list":["post-168","page","type-page","status-publish","hentry"],"aioseo_notices":[],"_links":{"self":[{"href":"https:\/\/be-ip.mx\/en\/wp-json\/wp\/v2\/pages\/168","targetHints":{"allow":["GET"]}}],"collection":[{"href":"https:\/\/be-ip.mx\/en\/wp-json\/wp\/v2\/pages"}],"about":[{"href":"https:\/\/be-ip.mx\/en\/wp-json\/wp\/v2\/types\/page"}],"author":[{"embeddable":true,"href":"https:\/\/be-ip.mx\/en\/wp-json\/wp\/v2\/users\/1"}],"replies":[{"embeddable":true,"href":"https:\/\/be-ip.mx\/en\/wp-json\/wp\/v2\/comments?post=168"}],"version-history":[{"count":7,"href":"https:\/\/be-ip.mx\/en\/wp-json\/wp\/v2\/pages\/168\/revisions"}],"predecessor-version":[{"id":294,"href":"https:\/\/be-ip.mx\/en\/wp-json\/wp\/v2\/pages\/168\/revisions\/294"}],"wp:attachment":[{"href":"https:\/\/be-ip.mx\/en\/wp-json\/wp\/v2\/media?parent=168"}],"curies":[{"name":"wp","href":"https:\/\/api.w.org\/{rel}","templated":true}]}}