{"id":173,"date":"2025-04-09T23:11:06","date_gmt":"2025-04-09T23:11:06","guid":{"rendered":"https:\/\/be-ip.mx\/?page_id=173"},"modified":"2025-04-21T23:12:41","modified_gmt":"2025-04-21T23:12:41","slug":"abel-morales","status":"publish","type":"page","link":"https:\/\/be-ip.mx\/en\/abel-morales\/","title":{"rendered":"Abel Morales"},"content":{"rendered":"<div data-elementor-type=\"wp-page\" data-elementor-id=\"173\" class=\"elementor elementor-173\" data-elementor-post-type=\"page\">\n\t\t\t\t<div class=\"elementor-element elementor-element-e4bea71 e-flex e-con-boxed e-con e-parent\" data-id=\"e4bea71\" data-element_type=\"container\" data-e-type=\"container\" data-settings=\"{&quot;background_background&quot;:&quot;classic&quot;}\">\n\t\t\t\t\t<div class=\"e-con-inner\">\n\t\t\t\t<div class=\"elementor-element elementor-element-4a0aead elementor-widget elementor-widget-heading\" data-id=\"4a0aead\" data-element_type=\"widget\" data-e-type=\"widget\" data-widget_type=\"heading.default\">\n\t\t\t\t<div class=\"elementor-widget-container\">\n\t\t\t\t\t<h2 class=\"elementor-heading-title elementor-size-default\">Our Team<\/h2>\t\t\t\t<\/div>\n\t\t\t\t<\/div>\n\t\t\t\t\t<\/div>\n\t\t\t\t<\/div>\n\t\t<div class=\"elementor-element elementor-element-da4cecf e-flex e-con-boxed e-con e-parent\" data-id=\"da4cecf\" data-element_type=\"container\" data-e-type=\"container\">\n\t\t\t\t\t<div class=\"e-con-inner\">\n\t\t<div class=\"elementor-element elementor-element-f54bd18 e-con-full e-flex e-con e-child\" data-id=\"f54bd18\" data-element_type=\"container\" data-e-type=\"container\">\n\t\t\t\t<div class=\"elementor-element elementor-element-e604139 elementor-widget elementor-widget-image\" data-id=\"e604139\" data-element_type=\"widget\" data-e-type=\"widget\" data-widget_type=\"image.default\">\n\t\t\t\t<div class=\"elementor-widget-container\">\n\t\t\t\t\t\t\t\t\t\t\t\t\t\t\t<img fetchpriority=\"high\" decoding=\"async\" width=\"800\" height=\"1000\" src=\"https:\/\/be-ip.mx\/wp-content\/uploads\/2025\/04\/2-819x1024.webp\" class=\"attachment-large size-large wp-image-275\" alt=\"\" srcset=\"https:\/\/be-ip.mx\/wp-content\/uploads\/2025\/04\/2-819x1024.webp 819w, https:\/\/be-ip.mx\/wp-content\/uploads\/2025\/04\/2-240x300.webp 240w, https:\/\/be-ip.mx\/wp-content\/uploads\/2025\/04\/2-768x960.webp 768w, https:\/\/be-ip.mx\/wp-content\/uploads\/2025\/04\/2-10x12.webp 10w, https:\/\/be-ip.mx\/wp-content\/uploads\/2025\/04\/2.webp 1080w\" sizes=\"(max-width: 800px) 100vw, 800px\" \/>\t\t\t\t\t\t\t\t\t\t\t\t\t\t\t<\/div>\n\t\t\t\t<\/div>\n\t\t\t\t<\/div>\n\t\t<div class=\"elementor-element elementor-element-7e66fed e-con-full e-flex e-con e-child\" data-id=\"7e66fed\" data-element_type=\"container\" data-e-type=\"container\">\n\t\t\t\t<div class=\"elementor-element elementor-element-17382b1 elementor-widget elementor-widget-heading\" data-id=\"17382b1\" data-element_type=\"widget\" data-e-type=\"widget\" data-widget_type=\"heading.default\">\n\t\t\t\t<div class=\"elementor-widget-container\">\n\t\t\t\t\t<h2 class=\"elementor-heading-title elementor-size-default\">Abel Morales<\/h2>\t\t\t\t<\/div>\n\t\t\t\t<\/div>\n\t\t\t\t<div class=\"elementor-element elementor-element-338700b elementor-widget elementor-widget-heading\" data-id=\"338700b\" data-element_type=\"widget\" data-e-type=\"widget\" data-widget_type=\"heading.default\">\n\t\t\t\t<div class=\"elementor-widget-container\">\n\t\t\t\t\t<h4 class=\"elementor-heading-title elementor-size-default\">Partner \u2013 Director of Patents<\/h4>\t\t\t\t<\/div>\n\t\t\t\t<\/div>\n\t\t\t\t<div class=\"elementor-element elementor-element-0d458c5 elementor-widget elementor-widget-text-editor\" data-id=\"0d458c5\" data-element_type=\"widget\" data-e-type=\"widget\" data-widget_type=\"text-editor.default\">\n\t\t\t\t<div class=\"elementor-widget-container\">\n\t\t\t\t\t\t\t\t\t<p>Abel Morales is a bilingual attorney with extensive experience in Intellectual Property, Corporate Law, and Legal and Technical Translation. He has worked closely with companies, startups, and innovators to protect their intangible assets, offering strategic advice on patents, trademarks, utility models, and IP-related litigation.<\/p><p>His practice stands out for its comprehensive approach, which includes contract drafting, feasibility analysis for registrations, and certified translation of legal and technical documents in multiple languages.<\/p><p>A graduate of the National Autonomous University of Mexico (UNAM), Abel holds a Master\u2019s degree in Corporate Law from Universidad An\u00e1huac M\u00e9xico and a specialization in Intellectual Property from Universidad Panamericana, where he graduated with honors. His deep knowledge of copyright law, trademark valuation, and international contracts positions him as a key reference in the field.<\/p><p>His commitment to excellence, meticulous approach, and passion for mentoring new generations are reflected in every project he leads. At the firm, Abel provides innovative and effective solutions for the legal protection of our clients\u2019 creations in an increasingly global and competitive environment.<\/p>\t\t\t\t\t\t\t\t<\/div>\n\t\t\t\t<\/div>\n\t\t\t\t<\/div>\n\t\t\t\t\t<\/div>\n\t\t\t\t<\/div>\n\t\t\t\t<\/div>","protected":false},"excerpt":{"rendered":"<p>Nuestro Equipo Abel Morales Socio \u2013 Director de Patentes Abel Morales es un abogado biling\u00fce con amplia experiencia en Propiedad Intelectual, Derecho Corporativo y Traducci\u00f3n Jur\u00eddica y T\u00e9cnica. Ha colaborado estrechamente con empresas, startups e innovadores para proteger sus activos intangibles, brindando asesor\u00eda estrat\u00e9gica en patentes, marcas, modelos de utilidad y litigios relacionados con propiedad [&hellip;]<\/p>","protected":false},"author":1,"featured_media":0,"parent":0,"menu_order":0,"comment_status":"closed","ping_status":"closed","template":"","meta":{"footnotes":""},"class_list":["post-173","page","type-page","status-publish","hentry"],"aioseo_notices":[],"_links":{"self":[{"href":"https:\/\/be-ip.mx\/en\/wp-json\/wp\/v2\/pages\/173","targetHints":{"allow":["GET"]}}],"collection":[{"href":"https:\/\/be-ip.mx\/en\/wp-json\/wp\/v2\/pages"}],"about":[{"href":"https:\/\/be-ip.mx\/en\/wp-json\/wp\/v2\/types\/page"}],"author":[{"embeddable":true,"href":"https:\/\/be-ip.mx\/en\/wp-json\/wp\/v2\/users\/1"}],"replies":[{"embeddable":true,"href":"https:\/\/be-ip.mx\/en\/wp-json\/wp\/v2\/comments?post=173"}],"version-history":[{"count":7,"href":"https:\/\/be-ip.mx\/en\/wp-json\/wp\/v2\/pages\/173\/revisions"}],"predecessor-version":[{"id":297,"href":"https:\/\/be-ip.mx\/en\/wp-json\/wp\/v2\/pages\/173\/revisions\/297"}],"wp:attachment":[{"href":"https:\/\/be-ip.mx\/en\/wp-json\/wp\/v2\/media?parent=173"}],"curies":[{"name":"wp","href":"https:\/\/api.w.org\/{rel}","templated":true}]}}