{"id":178,"date":"2025-04-09T23:12:18","date_gmt":"2025-04-09T23:12:18","guid":{"rendered":"https:\/\/be-ip.mx\/?page_id=178"},"modified":"2025-04-21T23:12:52","modified_gmt":"2025-04-21T23:12:52","slug":"ivonne-toriz","status":"publish","type":"page","link":"https:\/\/be-ip.mx\/en\/ivonne-toriz\/","title":{"rendered":"Ivonne Toriz"},"content":{"rendered":"<div data-elementor-type=\"wp-page\" data-elementor-id=\"178\" class=\"elementor elementor-178\" data-elementor-post-type=\"page\">\n\t\t\t\t<div class=\"elementor-element elementor-element-112e6fc e-flex e-con-boxed e-con e-parent\" data-id=\"112e6fc\" data-element_type=\"container\" data-e-type=\"container\" data-settings=\"{&quot;background_background&quot;:&quot;classic&quot;}\">\n\t\t\t\t\t<div class=\"e-con-inner\">\n\t\t\t\t<div class=\"elementor-element elementor-element-a4c87e4 elementor-widget elementor-widget-heading\" data-id=\"a4c87e4\" data-element_type=\"widget\" data-e-type=\"widget\" data-widget_type=\"heading.default\">\n\t\t\t\t<div class=\"elementor-widget-container\">\n\t\t\t\t\t<h2 class=\"elementor-heading-title elementor-size-default\">Our Team<\/h2>\t\t\t\t<\/div>\n\t\t\t\t<\/div>\n\t\t\t\t\t<\/div>\n\t\t\t\t<\/div>\n\t\t<div class=\"elementor-element elementor-element-53cfc95 e-flex e-con-boxed e-con e-parent\" data-id=\"53cfc95\" data-element_type=\"container\" data-e-type=\"container\">\n\t\t\t\t\t<div class=\"e-con-inner\">\n\t\t<div class=\"elementor-element elementor-element-3ada786 e-con-full e-flex e-con e-child\" data-id=\"3ada786\" data-element_type=\"container\" data-e-type=\"container\">\n\t\t\t\t<div class=\"elementor-element elementor-element-edad190 elementor-widget elementor-widget-image\" data-id=\"edad190\" data-element_type=\"widget\" data-e-type=\"widget\" data-widget_type=\"image.default\">\n\t\t\t\t<div class=\"elementor-widget-container\">\n\t\t\t\t\t\t\t\t\t\t\t\t\t\t\t<img fetchpriority=\"high\" decoding=\"async\" width=\"800\" height=\"1000\" src=\"https:\/\/be-ip.mx\/wp-content\/uploads\/2025\/04\/3-819x1024.webp\" class=\"attachment-large size-large wp-image-276\" alt=\"\" srcset=\"https:\/\/be-ip.mx\/wp-content\/uploads\/2025\/04\/3-819x1024.webp 819w, https:\/\/be-ip.mx\/wp-content\/uploads\/2025\/04\/3-240x300.webp 240w, https:\/\/be-ip.mx\/wp-content\/uploads\/2025\/04\/3-768x960.webp 768w, https:\/\/be-ip.mx\/wp-content\/uploads\/2025\/04\/3-10x12.webp 10w, https:\/\/be-ip.mx\/wp-content\/uploads\/2025\/04\/3.webp 1080w\" sizes=\"(max-width: 800px) 100vw, 800px\" \/>\t\t\t\t\t\t\t\t\t\t\t\t\t\t\t<\/div>\n\t\t\t\t<\/div>\n\t\t\t\t<\/div>\n\t\t<div class=\"elementor-element elementor-element-9658f48 e-con-full e-flex e-con e-child\" data-id=\"9658f48\" data-element_type=\"container\" data-e-type=\"container\">\n\t\t\t\t<div class=\"elementor-element elementor-element-fb6af90 elementor-widget elementor-widget-heading\" data-id=\"fb6af90\" data-element_type=\"widget\" data-e-type=\"widget\" data-widget_type=\"heading.default\">\n\t\t\t\t<div class=\"elementor-widget-container\">\n\t\t\t\t\t<h2 class=\"elementor-heading-title elementor-size-default\">Ivonne Toriz<\/h2>\t\t\t\t<\/div>\n\t\t\t\t<\/div>\n\t\t\t\t<div class=\"elementor-element elementor-element-610dba1 elementor-widget elementor-widget-heading\" data-id=\"610dba1\" data-element_type=\"widget\" data-e-type=\"widget\" data-widget_type=\"heading.default\">\n\t\t\t\t<div class=\"elementor-widget-container\">\n\t\t\t\t\t<h4 class=\"elementor-heading-title elementor-size-default\">Partner \u2013 Director of Human Resources<\/h4>\t\t\t\t<\/div>\n\t\t\t\t<\/div>\n\t\t\t\t<div class=\"elementor-element elementor-element-46dd1db elementor-widget elementor-widget-text-editor\" data-id=\"46dd1db\" data-element_type=\"widget\" data-e-type=\"widget\" data-widget_type=\"text-editor.default\">\n\t\t\t\t<div class=\"elementor-widget-container\">\n\t\t\t\t\t\t\t\t\t<p>Holds a degree in Organizational Communication from UNAM, with postgraduate diplomas in Communication Research (UNAM) and Organizational Development (Tecnol\u00f3gico de Monterrey). She has over 15 years of experience in strategic human resources management across commercial, industrial, and service sectors.<\/p><p>Her areas of expertise include talent recruitment and selection, training, organizational development, and personnel administration. She also advises on the implementation of strategies that enhance human capital performance and align talent management with business objectives.<\/p><p>Ivonne has been an active member of executive committees, providing solutions that drive operational efficiency and sustainable organizational growth.<\/p>\t\t\t\t\t\t\t\t<\/div>\n\t\t\t\t<\/div>\n\t\t\t\t<\/div>\n\t\t\t\t\t<\/div>\n\t\t\t\t<\/div>\n\t\t\t\t<\/div>","protected":false},"excerpt":{"rendered":"<p>Nuestro Equipo Ivonne Toriz Socia \u2013 Directora de Recursos Humanos Licenciada en Comunicaci\u00f3n Organizacional por la UNAM, con diplomados en Investigaci\u00f3n en Comunicaci\u00f3n (UNAM) y Desarrollo Organizacional (Tecnol\u00f3gico de Monterrey). Cuenta con m\u00e1s de 15 a\u00f1os de experiencia en la gesti\u00f3n estrat\u00e9gica de recursos humanos en sectores comerciales, industriales y de servicios. Su especialidad abarca [&hellip;]<\/p>","protected":false},"author":1,"featured_media":0,"parent":0,"menu_order":0,"comment_status":"closed","ping_status":"closed","template":"","meta":{"footnotes":""},"class_list":["post-178","page","type-page","status-publish","hentry"],"aioseo_notices":[],"_links":{"self":[{"href":"https:\/\/be-ip.mx\/en\/wp-json\/wp\/v2\/pages\/178","targetHints":{"allow":["GET"]}}],"collection":[{"href":"https:\/\/be-ip.mx\/en\/wp-json\/wp\/v2\/pages"}],"about":[{"href":"https:\/\/be-ip.mx\/en\/wp-json\/wp\/v2\/types\/page"}],"author":[{"embeddable":true,"href":"https:\/\/be-ip.mx\/en\/wp-json\/wp\/v2\/users\/1"}],"replies":[{"embeddable":true,"href":"https:\/\/be-ip.mx\/en\/wp-json\/wp\/v2\/comments?post=178"}],"version-history":[{"count":13,"href":"https:\/\/be-ip.mx\/en\/wp-json\/wp\/v2\/pages\/178\/revisions"}],"predecessor-version":[{"id":300,"href":"https:\/\/be-ip.mx\/en\/wp-json\/wp\/v2\/pages\/178\/revisions\/300"}],"wp:attachment":[{"href":"https:\/\/be-ip.mx\/en\/wp-json\/wp\/v2\/media?parent=178"}],"curies":[{"name":"wp","href":"https:\/\/api.w.org\/{rel}","templated":true}]}}