{"id":188,"date":"2025-04-09T23:13:59","date_gmt":"2025-04-09T23:13:59","guid":{"rendered":"https:\/\/be-ip.mx\/?page_id=188"},"modified":"2025-04-21T23:13:15","modified_gmt":"2025-04-21T23:13:15","slug":"mirna-tapia","status":"publish","type":"page","link":"https:\/\/be-ip.mx\/en\/mirna-tapia\/","title":{"rendered":"Mirna Tapia"},"content":{"rendered":"<div data-elementor-type=\"wp-page\" data-elementor-id=\"188\" class=\"elementor elementor-188\" data-elementor-post-type=\"page\">\n\t\t\t\t<div class=\"elementor-element elementor-element-6b84fe8 e-flex e-con-boxed e-con e-parent\" data-id=\"6b84fe8\" data-element_type=\"container\" data-e-type=\"container\" data-settings=\"{&quot;background_background&quot;:&quot;classic&quot;}\">\n\t\t\t\t\t<div class=\"e-con-inner\">\n\t\t\t\t<div class=\"elementor-element elementor-element-bbb6da6 elementor-widget elementor-widget-heading\" data-id=\"bbb6da6\" data-element_type=\"widget\" data-e-type=\"widget\" data-widget_type=\"heading.default\">\n\t\t\t\t<div class=\"elementor-widget-container\">\n\t\t\t\t\t<h2 class=\"elementor-heading-title elementor-size-default\">Our Team<\/h2>\t\t\t\t<\/div>\n\t\t\t\t<\/div>\n\t\t\t\t\t<\/div>\n\t\t\t\t<\/div>\n\t\t<div class=\"elementor-element elementor-element-bf19a6f e-flex e-con-boxed e-con e-parent\" data-id=\"bf19a6f\" data-element_type=\"container\" data-e-type=\"container\">\n\t\t\t\t\t<div class=\"e-con-inner\">\n\t\t<div class=\"elementor-element elementor-element-07c1078 e-con-full e-flex e-con e-child\" data-id=\"07c1078\" data-element_type=\"container\" data-e-type=\"container\">\n\t\t\t\t<div class=\"elementor-element elementor-element-21de073 elementor-widget elementor-widget-image\" data-id=\"21de073\" data-element_type=\"widget\" data-e-type=\"widget\" data-widget_type=\"image.default\">\n\t\t\t\t<div class=\"elementor-widget-container\">\n\t\t\t\t\t\t\t\t\t\t\t\t\t\t\t<img fetchpriority=\"high\" decoding=\"async\" width=\"800\" height=\"1000\" src=\"https:\/\/be-ip.mx\/wp-content\/uploads\/2025\/04\/5-819x1024.webp\" class=\"attachment-large size-large wp-image-278\" alt=\"\" srcset=\"https:\/\/be-ip.mx\/wp-content\/uploads\/2025\/04\/5-819x1024.webp 819w, https:\/\/be-ip.mx\/wp-content\/uploads\/2025\/04\/5-240x300.webp 240w, https:\/\/be-ip.mx\/wp-content\/uploads\/2025\/04\/5-768x960.webp 768w, https:\/\/be-ip.mx\/wp-content\/uploads\/2025\/04\/5-10x12.webp 10w, https:\/\/be-ip.mx\/wp-content\/uploads\/2025\/04\/5.webp 1080w\" sizes=\"(max-width: 800px) 100vw, 800px\" \/>\t\t\t\t\t\t\t\t\t\t\t\t\t\t\t<\/div>\n\t\t\t\t<\/div>\n\t\t\t\t<\/div>\n\t\t<div class=\"elementor-element elementor-element-d13a99e e-con-full e-flex e-con e-child\" data-id=\"d13a99e\" data-element_type=\"container\" data-e-type=\"container\">\n\t\t\t\t<div class=\"elementor-element elementor-element-573ce34 elementor-widget elementor-widget-heading\" data-id=\"573ce34\" data-element_type=\"widget\" data-e-type=\"widget\" data-widget_type=\"heading.default\">\n\t\t\t\t<div class=\"elementor-widget-container\">\n\t\t\t\t\t<h2 class=\"elementor-heading-title elementor-size-default\">Mirna Tapia<\/h2>\t\t\t\t<\/div>\n\t\t\t\t<\/div>\n\t\t\t\t<div class=\"elementor-element elementor-element-4e45479 elementor-widget elementor-widget-heading\" data-id=\"4e45479\" data-element_type=\"widget\" data-e-type=\"widget\" data-widget_type=\"heading.default\">\n\t\t\t\t<div class=\"elementor-widget-container\">\n\t\t\t\t\t<h4 class=\"elementor-heading-title elementor-size-default\">Paralegal \u2013 Administrative and National Filing Coordinator<\/h4>\t\t\t\t<\/div>\n\t\t\t\t<\/div>\n\t\t\t\t<div class=\"elementor-element elementor-element-af09676 elementor-widget elementor-widget-text-editor\" data-id=\"af09676\" data-element_type=\"widget\" data-e-type=\"widget\" data-widget_type=\"text-editor.default\">\n\t\t\t\t<div class=\"elementor-widget-container\">\n\t\t\t\t\t\t\t\t\t<p>Studied Psychology in UNAM, Mirna brings a structured, empathetic, and detail-oriented perspective to her role as Paralegal. She leads the firm\u2019s administrative department and coordinates all national trademark filing activities.<\/p><p>Her experience includes filing applications, managing maintenance actions, declarations of use, renewals, license recordals, assignments, voluntary cancellations, and handling formal examinations before the Mexican Institute of Industrial Property (IMPI).<\/p><p>Bilingual in English and Spanish, Mirna combines strong organizational skills with a precise understanding of legal procedures, ensuring efficient and timely case management.<\/p>\t\t\t\t\t\t\t\t<\/div>\n\t\t\t\t<\/div>\n\t\t\t\t<\/div>\n\t\t\t\t\t<\/div>\n\t\t\t\t<\/div>\n\t\t\t\t<\/div>","protected":false},"excerpt":{"rendered":"<p>Nuestro Equipo Mirna Tapia Paralegal \u2013 Coordinadora Administrativa y de Filing Nacional Egresada de la carrera de Psicolog\u00eda por la Universidad Nacional Aut\u00f3noma de M\u00e9xico (UNAM), Mirna aporta una visi\u00f3n estructurada, emp\u00e1tica y orientada al detalle en su rol como Paralegal. Encabeza el \u00e1rea administrativa del despacho y coordina todas las actividades relacionadas con el [&hellip;]<\/p>","protected":false},"author":1,"featured_media":0,"parent":0,"menu_order":0,"comment_status":"closed","ping_status":"closed","template":"","meta":{"footnotes":""},"class_list":["post-188","page","type-page","status-publish","hentry"],"aioseo_notices":[],"_links":{"self":[{"href":"https:\/\/be-ip.mx\/en\/wp-json\/wp\/v2\/pages\/188","targetHints":{"allow":["GET"]}}],"collection":[{"href":"https:\/\/be-ip.mx\/en\/wp-json\/wp\/v2\/pages"}],"about":[{"href":"https:\/\/be-ip.mx\/en\/wp-json\/wp\/v2\/types\/page"}],"author":[{"embeddable":true,"href":"https:\/\/be-ip.mx\/en\/wp-json\/wp\/v2\/users\/1"}],"replies":[{"embeddable":true,"href":"https:\/\/be-ip.mx\/en\/wp-json\/wp\/v2\/comments?post=188"}],"version-history":[{"count":7,"href":"https:\/\/be-ip.mx\/en\/wp-json\/wp\/v2\/pages\/188\/revisions"}],"predecessor-version":[{"id":306,"href":"https:\/\/be-ip.mx\/en\/wp-json\/wp\/v2\/pages\/188\/revisions\/306"}],"wp:attachment":[{"href":"https:\/\/be-ip.mx\/en\/wp-json\/wp\/v2\/media?parent=188"}],"curies":[{"name":"wp","href":"https:\/\/api.w.org\/{rel}","templated":true}]}}